{"id":88,"date":"2021-02-11T12:02:46","date_gmt":"2021-02-11T11:02:46","guid":{"rendered":"https:\/\/10.11.33.8\/?page_id=88"},"modified":"2026-02-28T08:18:19","modified_gmt":"2026-02-28T07:18:19","slug":"individual-design","status":"publish","type":"page","link":"https:\/\/www.metron-cn.com\/de\/services\/individual-design\/","title":{"rendered":"Individuelles Design"},"content":{"rendered":"\n<h3 class=\"wp-block-heading\">Sie haben Ihre eigenen Vorstellungen<\/h3>\n\n\n\n<h4 class=\"wp-block-heading\">Gemeinsam mit Ihnen entwerfen wir Ihre individuellen M\u00f6bel, Dekorationen oder andere Einrichtungsgegenst\u00e4nde &#8211; f\u00fcr den Innen- und Au\u00dfenbereich<\/h4>\n\n\n\n<p>Als detailverliebter Hersteller produzieren wir alles von M\u00f6beln aller Art, \u00fcber Raumteiler, Decken- und Wandverkleidungen, Fu\u00dfb\u00f6den, Fassaden, Kletterger\u00fcste oder Spielh\u00e4user, auch f\u00fcr den Au\u00dfeneinsatz. Wir stimmen alles auf Ihre individuellen W\u00fcnsche ab. Mit unserer langj\u00e4hrigen Erfahrung und unserer Kernkompetenz Pr\u00e4zision und Effizienz herstellen\u00a0wir\u00a0Produkte von\u00a0zuverl\u00e4ssiger\u00a0Qualit\u00e4t. Sehen Sie hierzu unsere <a href=\"https:\/\/www.metron-cn.com\/references\/individual\/\" data-type=\"URL\" data-id=\"https:\/\/www.metron-cn.com\/references\/individual\/\">Referenzen<\/a>.<\/p>\n\n\n\n<p><\/p>\n","protected":false},"excerpt":{"rendered":"<p>Sie haben Ihre eigenen Vorstellungen Gemeinsam mit Ihnen entwerfen wir Ihre individuellen M\u00f6bel, Dekorationen oder andere Einrichtungsgegenst\u00e4nde &#8211; f\u00fcr den Innen- und Au\u00dfenbereich Als detailverliebter Hersteller produzieren wir alles von M\u00f6beln aller Art, \u00fcber Raumteiler, Decken- und Wandverkleidungen, Fu\u00dfb\u00f6den, Fassaden, Kletterger\u00fcste oder Spielh\u00e4user, auch f\u00fcr den Au\u00dfeneinsatz. Wir stimmen alles auf Ihre individuellen W\u00fcnsche ab. [&hellip;]<\/p>\n","protected":false},"author":2,"featured_media":1269,"parent":15,"menu_order":3,"comment_status":"closed","ping_status":"closed","template":"","meta":{"pgc_sgb_lightbox_settings":"","footnotes":""},"class_list":["post-88","page","type-page","status-publish","has-post-thumbnail","hentry"],"translation":{"provider":"WPGlobus","version":"3.0.2","language":"de","enabled_languages":["en","zh","de"],"languages":{"en":{"title":true,"content":true,"excerpt":false},"zh":{"title":true,"content":true,"excerpt":false},"de":{"title":true,"content":true,"excerpt":false}}},"_links":{"self":[{"href":"https:\/\/www.metron-cn.com\/de\/wp-json\/wp\/v2\/pages\/88","targetHints":{"allow":["GET"]}}],"collection":[{"href":"https:\/\/www.metron-cn.com\/de\/wp-json\/wp\/v2\/pages"}],"about":[{"href":"https:\/\/www.metron-cn.com\/de\/wp-json\/wp\/v2\/types\/page"}],"author":[{"embeddable":true,"href":"https:\/\/www.metron-cn.com\/de\/wp-json\/wp\/v2\/users\/2"}],"replies":[{"embeddable":true,"href":"https:\/\/www.metron-cn.com\/de\/wp-json\/wp\/v2\/comments?post=88"}],"version-history":[{"count":17,"href":"https:\/\/www.metron-cn.com\/de\/wp-json\/wp\/v2\/pages\/88\/revisions"}],"predecessor-version":[{"id":5789,"href":"https:\/\/www.metron-cn.com\/de\/wp-json\/wp\/v2\/pages\/88\/revisions\/5789"}],"up":[{"embeddable":true,"href":"https:\/\/www.metron-cn.com\/de\/wp-json\/wp\/v2\/pages\/15"}],"wp:featuredmedia":[{"embeddable":true,"href":"https:\/\/www.metron-cn.com\/de\/wp-json\/wp\/v2\/media\/1269"}],"wp:attachment":[{"href":"https:\/\/www.metron-cn.com\/de\/wp-json\/wp\/v2\/media?parent=88"}],"curies":[{"name":"wp","href":"https:\/\/api.w.org\/{rel}","templated":true}]}}