{"id":86,"date":"2021-02-11T12:02:19","date_gmt":"2021-02-11T11:02:19","guid":{"rendered":"https:\/\/10.11.33.8\/?page_id=86"},"modified":"2026-03-02T02:42:54","modified_gmt":"2026-03-02T01:42:54","slug":"interieur","status":"publish","type":"page","link":"https:\/\/www.metron-cn.com\/de\/services\/interieur\/","title":{"rendered":"Ausstellungsraum und Shop"},"content":{"rendered":"\n<h3 class=\"wp-block-heading\">Innenr\u00e4ume und der wichtige erste Eindruck<\/h3>\n\n\n\n<h4 class=\"wp-block-heading\">Ihr Ausstellungsraum oder Ihr Shop dient als Ihre Visitenkarte \u2013 es baut eine Beziehung zu Ihrem Kunden auf.<br><br>Die Gestaltung und Ausf\u00fchrung Ihres Ausstellungsraums oder Ihres Shops sollte die Werte Ihres Unternehmens widerspiegeln<\/h4>\n\n\n\n<p>Jeder Ausstellungsraum, jeder Shop ist einzigartig. Als Hersteller, der gern ins Detail geht, produzieren wir alles, angefangen bei M\u00f6beln, Empfangstheken, Konferenztischen, Decken- und Wandverkleidungen, Fu\u00dfb\u00f6den, mechanischen Beschattungssystemen, Haustechnik, Zugangstechnik f\u00fcr Treppenh\u00e4user, Fassaden und B\u00fcros.<\/p>\n\n\n\n<p>Wir bieten ma\u00dfgeschneiderte Komplettl\u00f6sungen, die genau auf Ihre individuellen Anforderungen abgestimmt sind. Unsere Kompetenz, Pr\u00e4zision und Effizienz stehen f\u00fcr ausgezeichnete\u00a0Qualit\u00e4t.Wir streben nach einer hervorragenden Verbindung von \u00c4sthetik und Funktionalit\u00e4t und schaffen Innendesigns, die Qualit\u00e4t mit langfristiger\u00a0Anziehungskraft verbinden.Sehen Sie hierzu unsere <a href=\"https:\/\/www.metron-cn.com\/references\/showroom\/\" data-type=\"URL\" data-id=\"https:\/\/www.metron-cn.com\/references\/showroom\/\">Referenzen<\/a>.<\/p>\n\n\n\n<p><\/p>\n","protected":false},"excerpt":{"rendered":"<p>Innenr\u00e4ume und der wichtige erste Eindruck Ihr Ausstellungsraum oder Ihr Shop dient als Ihre Visitenkarte \u2013 es baut eine Beziehung zu Ihrem Kunden auf. Die Gestaltung und Ausf\u00fchrung Ihres Ausstellungsraums oder Ihres Shops sollte die Werte Ihres Unternehmens widerspiegeln Jeder Ausstellungsraum, jeder Shop ist einzigartig. Als Hersteller, der gern ins Detail geht, produzieren wir alles, [&hellip;]<\/p>\n","protected":false},"author":2,"featured_media":1314,"parent":15,"menu_order":2,"comment_status":"closed","ping_status":"closed","template":"","meta":{"pgc_sgb_lightbox_settings":"","footnotes":""},"class_list":["post-86","page","type-page","status-publish","has-post-thumbnail","hentry"],"translation":{"provider":"WPGlobus","version":"3.0.2","language":"de","enabled_languages":["en","zh","de"],"languages":{"en":{"title":true,"content":true,"excerpt":false},"zh":{"title":true,"content":true,"excerpt":false},"de":{"title":true,"content":true,"excerpt":false}}},"_links":{"self":[{"href":"https:\/\/www.metron-cn.com\/de\/wp-json\/wp\/v2\/pages\/86","targetHints":{"allow":["GET"]}}],"collection":[{"href":"https:\/\/www.metron-cn.com\/de\/wp-json\/wp\/v2\/pages"}],"about":[{"href":"https:\/\/www.metron-cn.com\/de\/wp-json\/wp\/v2\/types\/page"}],"author":[{"embeddable":true,"href":"https:\/\/www.metron-cn.com\/de\/wp-json\/wp\/v2\/users\/2"}],"replies":[{"embeddable":true,"href":"https:\/\/www.metron-cn.com\/de\/wp-json\/wp\/v2\/comments?post=86"}],"version-history":[{"count":20,"href":"https:\/\/www.metron-cn.com\/de\/wp-json\/wp\/v2\/pages\/86\/revisions"}],"predecessor-version":[{"id":5792,"href":"https:\/\/www.metron-cn.com\/de\/wp-json\/wp\/v2\/pages\/86\/revisions\/5792"}],"up":[{"embeddable":true,"href":"https:\/\/www.metron-cn.com\/de\/wp-json\/wp\/v2\/pages\/15"}],"wp:featuredmedia":[{"embeddable":true,"href":"https:\/\/www.metron-cn.com\/de\/wp-json\/wp\/v2\/media\/1314"}],"wp:attachment":[{"href":"https:\/\/www.metron-cn.com\/de\/wp-json\/wp\/v2\/media?parent=86"}],"curies":[{"name":"wp","href":"https:\/\/api.w.org\/{rel}","templated":true}]}}