{"id":83,"date":"2021-02-11T12:01:56","date_gmt":"2021-02-11T11:01:56","guid":{"rendered":"https:\/\/10.11.33.8\/?page_id=83"},"modified":"2026-03-02T06:27:55","modified_gmt":"2026-03-02T05:27:55","slug":"exponate-display","status":"publish","type":"page","link":"https:\/\/www.metron-cn.com\/de\/services\/exponate-display\/","title":{"rendered":"Event"},"content":{"rendered":"\n<h3 class=\"wp-block-heading\">Events \u2013 Planung und Umsetzung<\/h3>\n\n\n\n<h3 class=\"wp-block-heading\">Einen bleibenden Eindruck bei einem globalen Publikum hinterlassen.<\/h3>\n\n\n\n<h4 class=\"wp-block-heading\">Das Au\u00dfergew\u00f6hnliche z\u00e4hlt<\/h4>\n\n\n\n<h4 class=\"wp-block-heading\">Wir realisieren auch Ihre k\u00fchnsten Ideen<\/h4>\n\n\n\n<p>Auf Wunsch bieten wir ein Rundum-Sorglos-Paket: technische Zeichnungen, Produktion, Montage, Demontage und Lagerung. Ob eine Fahrpr\u00e4sentation, eine Promotionstour oder die Vorf\u00fchrung von Sonderbauten \u2013 wir setzen Visionen in die Tat um.<\/p>\n\n\n\n<p>Wir legen gro\u00dfen Wert auf Details, funktionales Design und die Auswahl geeigneter Materialien und streben danach, hochwertige Produkte und Dienstleistungen bereitzustellen.\u00a0Pr\u00e4zise gefertigte Baukastenelemente ergeben ein minimales Transportvolumen und eine schnelle Montage vor Ort, um eine m\u00f6glichst effiziente Transport- und Lagerlogistik zu gew\u00e4hrleisten.Unser Kundenstamm besteht aus vielen namhaften Unternehmen der Automobilbranche und vielen weiteren Branchen, welche wir weltweit beliefern. Sehen Sie hierzu unsere <a href=\"https:\/\/www.metron-cn.com\/references\/event\/\">Referenzen<\/a>.<\/p>\n","protected":false},"excerpt":{"rendered":"<p>Events \u2013 Planung und Umsetzung Einen bleibenden Eindruck bei einem globalen Publikum hinterlassen. Das Au\u00dfergew\u00f6hnliche z\u00e4hlt Wir realisieren auch Ihre k\u00fchnsten Ideen Auf Wunsch bieten wir ein Rundum-Sorglos-Paket: technische Zeichnungen, Produktion, Montage, Demontage und Lagerung. Ob eine Fahrpr\u00e4sentation, eine Promotionstour oder die Vorf\u00fchrung von Sonderbauten \u2013 wir setzen Visionen in die Tat um. Wir legen [&hellip;]<\/p>\n","protected":false},"author":2,"featured_media":1180,"parent":15,"menu_order":1,"comment_status":"closed","ping_status":"closed","template":"","meta":{"pgc_sgb_lightbox_settings":"","footnotes":""},"class_list":["post-83","page","type-page","status-publish","has-post-thumbnail","hentry"],"translation":{"provider":"WPGlobus","version":"3.0.2","language":"de","enabled_languages":["en","zh","de"],"languages":{"en":{"title":true,"content":true,"excerpt":false},"zh":{"title":true,"content":true,"excerpt":false},"de":{"title":true,"content":true,"excerpt":false}}},"_links":{"self":[{"href":"https:\/\/www.metron-cn.com\/de\/wp-json\/wp\/v2\/pages\/83","targetHints":{"allow":["GET"]}}],"collection":[{"href":"https:\/\/www.metron-cn.com\/de\/wp-json\/wp\/v2\/pages"}],"about":[{"href":"https:\/\/www.metron-cn.com\/de\/wp-json\/wp\/v2\/types\/page"}],"author":[{"embeddable":true,"href":"https:\/\/www.metron-cn.com\/de\/wp-json\/wp\/v2\/users\/2"}],"replies":[{"embeddable":true,"href":"https:\/\/www.metron-cn.com\/de\/wp-json\/wp\/v2\/comments?post=83"}],"version-history":[{"count":24,"href":"https:\/\/www.metron-cn.com\/de\/wp-json\/wp\/v2\/pages\/83\/revisions"}],"predecessor-version":[{"id":5798,"href":"https:\/\/www.metron-cn.com\/de\/wp-json\/wp\/v2\/pages\/83\/revisions\/5798"}],"up":[{"embeddable":true,"href":"https:\/\/www.metron-cn.com\/de\/wp-json\/wp\/v2\/pages\/15"}],"wp:featuredmedia":[{"embeddable":true,"href":"https:\/\/www.metron-cn.com\/de\/wp-json\/wp\/v2\/media\/1180"}],"wp:attachment":[{"href":"https:\/\/www.metron-cn.com\/de\/wp-json\/wp\/v2\/media?parent=83"}],"curies":[{"name":"wp","href":"https:\/\/api.w.org\/{rel}","templated":true}]}}