{"id":81,"date":"2021-02-11T11:28:31","date_gmt":"2021-02-11T10:28:31","guid":{"rendered":"https:\/\/10.11.33.8\/?page_id=81"},"modified":"2026-03-02T02:41:49","modified_gmt":"2026-03-02T01:41:49","slug":"messebau","status":"publish","type":"page","link":"https:\/\/www.metron-cn.com\/de\/services\/messebau\/","title":{"rendered":"Messebau"},"content":{"rendered":"\n<h3 class=\"wp-block-heading\">Messebau &#8211; \u00a0Auff\u00e4llige Highlights schaffen<\/h3>\n\n\n\n<h4 class=\"wp-block-heading\">Highlights ziehen an und hinterlassen einen bleibenden Eindruck<\/h4>\n\n\n\n<h4 class=\"wp-block-heading\">Werte schaffen Exzellenz.<\/h4>\n\n\n\n<p>Vom konventionellen Messebau bis zur Sonderkonstruktion \u2013 wir konstruieren und fertigen eine ma\u00dfgeschneiderte L\u00f6sung f\u00fcr Sie. Dabei stehen \u00c4sthetik, Funktion, Design und ausgew\u00e4hlte Materialien im Vordergrund, um einen ausgezeichneten\u00a0Auftritt zu gew\u00e4hrleisten. Die Pr\u00e4zision in der Fertigung garantiert eine lange Nutzungsdauer und intelligent aufeinander abgestimmte Teile erm\u00f6glichen eine h\u00f6chst effiziente Transport- und Lagerlogistik. Seit vielen Jahren sind wir in China f\u00fcr unsere Kunden t\u00e4tig. Unser Kundenstamm besteht aus vielen namhaften Unternehmen der Automobilindustrie und aus vielen anderen Branchen. Sehen Sie hierzu unsere <a href=\"https:\/\/www.metron-cn.com\/references\/exhibition\/\">Referenzen<\/a>.<\/p>\n","protected":false},"excerpt":{"rendered":"<p>Messebau &#8211; \u00a0Auff\u00e4llige Highlights schaffen Highlights ziehen an und hinterlassen einen bleibenden Eindruck Werte schaffen Exzellenz. Vom konventionellen Messebau bis zur Sonderkonstruktion \u2013 wir konstruieren und fertigen eine ma\u00dfgeschneiderte L\u00f6sung f\u00fcr Sie. Dabei stehen \u00c4sthetik, Funktion, Design und ausgew\u00e4hlte Materialien im Vordergrund, um einen ausgezeichneten\u00a0Auftritt zu gew\u00e4hrleisten. Die Pr\u00e4zision in der Fertigung garantiert eine lange [&hellip;]<\/p>\n","protected":false},"author":2,"featured_media":1095,"parent":15,"menu_order":0,"comment_status":"closed","ping_status":"closed","template":"","meta":{"pgc_sgb_lightbox_settings":"","footnotes":""},"class_list":["post-81","page","type-page","status-publish","has-post-thumbnail","hentry"],"translation":{"provider":"WPGlobus","version":"3.0.2","language":"de","enabled_languages":["en","zh","de"],"languages":{"en":{"title":true,"content":true,"excerpt":false},"zh":{"title":true,"content":true,"excerpt":false},"de":{"title":true,"content":true,"excerpt":false}}},"_links":{"self":[{"href":"https:\/\/www.metron-cn.com\/de\/wp-json\/wp\/v2\/pages\/81","targetHints":{"allow":["GET"]}}],"collection":[{"href":"https:\/\/www.metron-cn.com\/de\/wp-json\/wp\/v2\/pages"}],"about":[{"href":"https:\/\/www.metron-cn.com\/de\/wp-json\/wp\/v2\/types\/page"}],"author":[{"embeddable":true,"href":"https:\/\/www.metron-cn.com\/de\/wp-json\/wp\/v2\/users\/2"}],"replies":[{"embeddable":true,"href":"https:\/\/www.metron-cn.com\/de\/wp-json\/wp\/v2\/comments?post=81"}],"version-history":[{"count":27,"href":"https:\/\/www.metron-cn.com\/de\/wp-json\/wp\/v2\/pages\/81\/revisions"}],"predecessor-version":[{"id":5791,"href":"https:\/\/www.metron-cn.com\/de\/wp-json\/wp\/v2\/pages\/81\/revisions\/5791"}],"up":[{"embeddable":true,"href":"https:\/\/www.metron-cn.com\/de\/wp-json\/wp\/v2\/pages\/15"}],"wp:featuredmedia":[{"embeddable":true,"href":"https:\/\/www.metron-cn.com\/de\/wp-json\/wp\/v2\/media\/1095"}],"wp:attachment":[{"href":"https:\/\/www.metron-cn.com\/de\/wp-json\/wp\/v2\/media?parent=81"}],"curies":[{"name":"wp","href":"https:\/\/api.w.org\/{rel}","templated":true}]}}