{"id":61,"date":"2021-02-10T10:47:14","date_gmt":"2021-02-10T09:47:14","guid":{"rendered":"https:\/\/10.11.33.8\/?page_id=61"},"modified":"2026-03-02T06:32:43","modified_gmt":"2026-03-02T05:32:43","slug":"news","status":"publish","type":"page","link":"https:\/\/www.metron-cn.com\/de\/company\/news\/","title":{"rendered":"News"},"content":{"rendered":"\n<h2 class=\"wp-block-heading\"><strong>Umweltfreundliche Ausstattung<\/strong><\/h2>\n\n\n\n<figure class=\"wp-block-image size-large is-resized is-style-rightside\"><img loading=\"lazy\" decoding=\"async\" width=\"683\" height=\"1024\" src=\"https:\/\/www.metron-cn.com\/wp-content\/uploads\/2021\/06\/foto-air-polution-filter-VOC-683x1024.jpg\" alt=\"\" class=\"wp-image-1583\" style=\"width:230px;height:344px\" srcset=\"https:\/\/www.metron-cn.com\/wp-content\/uploads\/2021\/06\/foto-air-polution-filter-VOC-683x1024.jpg 683w, https:\/\/www.metron-cn.com\/wp-content\/uploads\/2021\/06\/foto-air-polution-filter-VOC-200x300.jpg 200w, https:\/\/www.metron-cn.com\/wp-content\/uploads\/2021\/06\/foto-air-polution-filter-VOC-768x1152.jpg 768w, https:\/\/www.metron-cn.com\/wp-content\/uploads\/2021\/06\/foto-air-polution-filter-VOC-rotated.jpg 1000w\" sizes=\"auto, (max-width: 683px) 100vw, 683px\" \/><\/figure>\n\n\n\n<p>Um die Mission von Null Luftverschmutzung in der Produktion zu erreichen, und ein sch\u00f6nes China zu schaffen, haben wir ein effizientes absorptionskatalytisches Verbrennungssystem eingef\u00fchrt, um die Luft zu filtern und zu reinigen.<\/p>\n\n\n\n<div style=\"height:15px\" aria-hidden=\"true\" class=\"wp-block-spacer\"><\/div>\n\n\n\n<hr class=\"wp-block-separator has-alpha-channel-opacity is-style-wide\"\/>\n\n\n\n<h2 class=\"wp-block-heading\"><strong>metron china und der Wohlt\u00e4tigkeitsbasar<\/strong><\/h2>\n\n\n\n<figure class=\"wp-block-image size-large is-resized is-style-rightside\"><img loading=\"lazy\" decoding=\"async\" width=\"1024\" height=\"564\" src=\"https:\/\/www.metron-cn.com\/wp-content\/uploads\/2021\/06\/2019-charity-broch-27-IMG_1493-1024x564.jpg\" alt=\"\" class=\"wp-image-1595\" style=\"width:362px;height:201px\" srcset=\"https:\/\/www.metron-cn.com\/wp-content\/uploads\/2021\/06\/2019-charity-broch-27-IMG_1493-1024x564.jpg 1024w, https:\/\/www.metron-cn.com\/wp-content\/uploads\/2021\/06\/2019-charity-broch-27-IMG_1493-300x165.jpg 300w, https:\/\/www.metron-cn.com\/wp-content\/uploads\/2021\/06\/2019-charity-broch-27-IMG_1493-768x423.jpg 768w, https:\/\/www.metron-cn.com\/wp-content\/uploads\/2021\/06\/2019-charity-broch-27-IMG_1493-1536x846.jpg 1536w, https:\/\/www.metron-cn.com\/wp-content\/uploads\/2021\/06\/2019-charity-broch-27-IMG_1493-2048x1129.jpg 2048w\" sizes=\"auto, (max-width: 1024px) 100vw, 1024px\" \/><\/figure>\n\n\n\n<p class=\"has-text-align-left\">metron china unterst\u00fctzt seit 2004 den German Charity Christmas Bazaar, der traditionell auf dem Gel\u00e4nder der deutschen Botschaft in Peking stattfindet. Jedes Jahr k\u00fcmmern wir uns um den kompletten Auf- und Abbau des Basars. Der Erl\u00f6s geht an verschiedene soziale Projekte in und um Peking. Die ersten Vorbereitungen f\u00fcr diesen Wohlt\u00e4tigkeitsbasar beginnen im Mai.<\/p>\n\n\n\n<div style=\"height:1px\" aria-hidden=\"true\" class=\"wp-block-spacer\"><\/div>\n","protected":false},"excerpt":{"rendered":"<p>Umweltfreundliche Ausstattung Um die Mission von Null Luftverschmutzung in der Produktion zu erreichen, und ein sch\u00f6nes China zu schaffen, haben wir ein effizientes absorptionskatalytisches Verbrennungssystem eingef\u00fchrt, um die Luft zu filtern und zu reinigen. metron china und der Wohlt\u00e4tigkeitsbasar metron china unterst\u00fctzt seit 2004 den German Charity Christmas Bazaar, der traditionell auf dem Gel\u00e4nder der [&hellip;]<\/p>\n","protected":false},"author":2,"featured_media":1939,"parent":13,"menu_order":3,"comment_status":"closed","ping_status":"closed","template":"","meta":{"pgc_sgb_lightbox_settings":"","footnotes":""},"class_list":["post-61","page","type-page","status-publish","has-post-thumbnail","hentry"],"translation":{"provider":"WPGlobus","version":"3.0.2","language":"de","enabled_languages":["en","zh","de"],"languages":{"en":{"title":true,"content":true,"excerpt":false},"zh":{"title":true,"content":true,"excerpt":false},"de":{"title":true,"content":true,"excerpt":false}}},"_links":{"self":[{"href":"https:\/\/www.metron-cn.com\/de\/wp-json\/wp\/v2\/pages\/61","targetHints":{"allow":["GET"]}}],"collection":[{"href":"https:\/\/www.metron-cn.com\/de\/wp-json\/wp\/v2\/pages"}],"about":[{"href":"https:\/\/www.metron-cn.com\/de\/wp-json\/wp\/v2\/types\/page"}],"author":[{"embeddable":true,"href":"https:\/\/www.metron-cn.com\/de\/wp-json\/wp\/v2\/users\/2"}],"replies":[{"embeddable":true,"href":"https:\/\/www.metron-cn.com\/de\/wp-json\/wp\/v2\/comments?post=61"}],"version-history":[{"count":66,"href":"https:\/\/www.metron-cn.com\/de\/wp-json\/wp\/v2\/pages\/61\/revisions"}],"predecessor-version":[{"id":5803,"href":"https:\/\/www.metron-cn.com\/de\/wp-json\/wp\/v2\/pages\/61\/revisions\/5803"}],"up":[{"embeddable":true,"href":"https:\/\/www.metron-cn.com\/de\/wp-json\/wp\/v2\/pages\/13"}],"wp:featuredmedia":[{"embeddable":true,"href":"https:\/\/www.metron-cn.com\/de\/wp-json\/wp\/v2\/media\/1939"}],"wp:attachment":[{"href":"https:\/\/www.metron-cn.com\/de\/wp-json\/wp\/v2\/media?parent=61"}],"curies":[{"name":"wp","href":"https:\/\/api.w.org\/{rel}","templated":true}]}}