{"id":46,"date":"2021-02-09T09:38:18","date_gmt":"2021-02-09T08:38:18","guid":{"rendered":"https:\/\/10.11.33.8\/?page_id=46"},"modified":"2026-03-19T01:26:31","modified_gmt":"2026-03-19T00:26:31","slug":"philosophie","status":"publish","type":"page","link":"https:\/\/www.metron-cn.com\/de\/company\/philosophie\/","title":{"rendered":"Philosophie"},"content":{"rendered":"\n<h2 class=\"wp-block-heading\"><strong>Unser Unternehmen<\/strong><\/h2>\n\n\n\n<p>Beijing &amp; Tangshan Metron Exhibition Facilities Co., Ltd wurde 2004 als Messebauunternehmen unter dem Namen Beijing Winkels gegr\u00fcndet. Zum 01.10.2018 gab es einen Wechsel der Haupteigent\u00fcmerschaft und wir sind nun Teil unserer <a>deutschen Partner metron eging GmbH<\/a>.<\/p>\n\n\n\n<p>Neben der Planung und dem Bau von integrierten, konventionellen und individuellen Messest\u00e4nden bieten wir auch Event- und Innendekoration, Showroom-Konzepte, sowie die Produktion von individuellen M\u00f6beln f\u00fcr den Innen- und Au\u00dfenbereich an.<\/p>\n\n\n\n<p>In unserer Produktionsst\u00e4tte in Tangshan &#8211; bestehend aus Schreinerei, Metallbau, Lackiererei und Lager .<\/p>\n\n\n\n<p>Unser internationales Team aus Technikern, Designern, Marketing-Mitarbeitern, deutschen Schreinern, Malern, Logistikern und deutschen Ingenieuren verf\u00fcgt \u00fcber langj\u00e4hrige Erfahrung auf dem chinesischen Markt und f\u00fchrt die vielf\u00e4ltigen und umfangreichen Projekte unserer Kunden landesweit durch. <\/p>\n\n\n\n<hr class=\"wp-block-separator has-alpha-channel-opacity is-style-wide\"\/>\n\n\n\n<h2 class=\"wp-block-heading\"><strong>Unsere Produktionsst\u00e4tte in Tangshan in Zahlen &amp; Fakten<\/strong><\/h2>\n\n\n\n<p>\u2022 2000 m\u00b2 Produktionsfl\u00e4che<\/p>\n\n\n\n<p>\u2022 3000 m\u00b2 Montagebereich<\/p>\n\n\n\n<p>\u2022 11000 m\u00b2 Lagerfl\u00e4che<\/p>\n\n\n\n<p>\u2022 500 m\u00b2 Lackiererei<\/p>\n\n\n\n<p>\u2022 10 to. Kran f\u00fcr die Be- und Entladung<\/p>\n\n\n\n<p>\u2022 303 m\u00b2 B\u00fcror\u00e4ume<\/p>\n\n\n\n<figure class=\"wp-block-gallery has-nested-images columns-default is-cropped wp-block-gallery-1 is-layout-flex wp-block-gallery-is-layout-flex\">\n<figure class=\"wp-block-image size-full\"><img loading=\"lazy\" decoding=\"async\" width=\"3520\" height=\"2640\" data-id=\"5806\" src=\"https:\/\/www.metron-cn.com\/wp-content\/uploads\/2026\/03\/A-VOC.jpg\" alt=\"\" class=\"wp-image-5806\"\/><\/figure>\n\n\n\n<figure class=\"wp-block-image size-full\"><img loading=\"lazy\" decoding=\"async\" width=\"2732\" height=\"1848\" data-id=\"5811\" src=\"https:\/\/www.metron-cn.com\/wp-content\/uploads\/2026\/03\/workshop.jpg\" alt=\"\" class=\"wp-image-5811\"\/><\/figure>\n\n\n\n<figure class=\"wp-block-image size-full\"><img loading=\"lazy\" decoding=\"async\" width=\"3520\" height=\"2640\" data-id=\"5810\" src=\"https:\/\/www.metron-cn.com\/wp-content\/uploads\/2026\/03\/tool.jpg\" alt=\"\" class=\"wp-image-5810\"\/><\/figure>\n\n\n\n<figure class=\"wp-block-image size-full\"><img loading=\"lazy\" decoding=\"async\" width=\"2364\" height=\"1773\" data-id=\"5809\" src=\"https:\/\/www.metron-cn.com\/wp-content\/uploads\/2026\/03\/CNC.jpg\" alt=\"\" class=\"wp-image-5809\"\/><\/figure>\n\n\n\n<figure class=\"wp-block-image size-full\"><img loading=\"lazy\" decoding=\"async\" width=\"4096\" height=\"3072\" data-id=\"5808\" src=\"https:\/\/www.metron-cn.com\/wp-content\/uploads\/2026\/03\/bsmall-office.jpg\" alt=\"\" class=\"wp-image-5808\"\/><\/figure>\n\n\n\n<figure class=\"wp-block-image size-full\"><img loading=\"lazy\" decoding=\"async\" width=\"3272\" height=\"2248\" data-id=\"5807\" src=\"https:\/\/www.metron-cn.com\/wp-content\/uploads\/2026\/03\/big-office.jpg\" alt=\"\" class=\"wp-image-5807\"\/><\/figure>\n<\/figure>\n\n\n\n<div style=\"height:15px\" aria-hidden=\"true\" class=\"wp-block-spacer\"><\/div>\n\n\n\n<hr class=\"wp-block-separator has-alpha-channel-opacity is-style-wide\"\/>\n\n\n\n<h2 class=\"wp-block-heading\"><strong>Unser B\u00fcro in Peking in Zahlen &amp; Fakten<\/strong><\/h2>\n\n\n\n<ul class=\"wp-block-list\">\n<li>10 km Entfernung zum China New International Exhibition Center<\/li>\n\n\n\n<li>13 km Entfernung zum internationalen Flughafen von Peking<\/li>\n\n\n\n<li>335m\u00b2 B\u00fcror\u00e4ume<\/li>\n<\/ul>\n\n\n\n<figure class=\"wp-block-gallery has-nested-images columns-default is-cropped wp-block-gallery-2 is-layout-flex wp-block-gallery-is-layout-flex\">\n<figure class=\"wp-block-image\"><img loading=\"lazy\" decoding=\"async\" width=\"745\" height=\"880\" data-id=\"1882\" src=\"https:\/\/www.metron-cn.com\/wp-content\/uploads\/2021\/09\/beijing-office\u56fe\u72473-1.jpg\" alt=\"\" class=\"wp-image-1882\" srcset=\"https:\/\/www.metron-cn.com\/wp-content\/uploads\/2021\/09\/beijing-office\u56fe\u72473-1.jpg 745w, https:\/\/www.metron-cn.com\/wp-content\/uploads\/2021\/09\/beijing-office\u56fe\u72473-1-254x300.jpg 254w\" sizes=\"auto, (max-width: 745px) 100vw, 745px\" \/><\/figure>\n\n\n\n<figure class=\"wp-block-image\"><img loading=\"lazy\" decoding=\"async\" width=\"1116\" height=\"805\" data-id=\"1881\" src=\"https:\/\/www.metron-cn.com\/wp-content\/uploads\/2021\/09\/beijing-office-\u56fe\u72472-1.jpg\" alt=\"\" class=\"wp-image-1881\" srcset=\"https:\/\/www.metron-cn.com\/wp-content\/uploads\/2021\/09\/beijing-office-\u56fe\u72472-1.jpg 1116w, https:\/\/www.metron-cn.com\/wp-content\/uploads\/2021\/09\/beijing-office-\u56fe\u72472-1-300x216.jpg 300w, https:\/\/www.metron-cn.com\/wp-content\/uploads\/2021\/09\/beijing-office-\u56fe\u72472-1-1024x739.jpg 1024w, https:\/\/www.metron-cn.com\/wp-content\/uploads\/2021\/09\/beijing-office-\u56fe\u72472-1-768x554.jpg 768w\" sizes=\"auto, (max-width: 1116px) 100vw, 1116px\" \/><\/figure>\n\n\n\n<figure class=\"wp-block-image\"><img loading=\"lazy\" decoding=\"async\" width=\"1116\" height=\"771\" data-id=\"1880\" src=\"https:\/\/www.metron-cn.com\/wp-content\/uploads\/2021\/09\/beijing-building\u56fe\u72471-1.jpg\" alt=\"\" class=\"wp-image-1880\" srcset=\"https:\/\/www.metron-cn.com\/wp-content\/uploads\/2021\/09\/beijing-building\u56fe\u72471-1.jpg 1116w, https:\/\/www.metron-cn.com\/wp-content\/uploads\/2021\/09\/beijing-building\u56fe\u72471-1-300x207.jpg 300w, https:\/\/www.metron-cn.com\/wp-content\/uploads\/2021\/09\/beijing-building\u56fe\u72471-1-1024x707.jpg 1024w, https:\/\/www.metron-cn.com\/wp-content\/uploads\/2021\/09\/beijing-building\u56fe\u72471-1-768x531.jpg 768w\" sizes=\"auto, (max-width: 1116px) 100vw, 1116px\" \/><\/figure>\n<\/figure>\n\n\n\n<div style=\"height:15px\" aria-hidden=\"true\" class=\"wp-block-spacer\"><\/div>\n\n\n\n<hr class=\"wp-block-separator has-alpha-channel-opacity is-style-wide\"\/>\n\n\n\n<h2 class=\"wp-block-heading\"><strong>Unsere Grunds\u00e4tze und Leitlinien<\/strong><\/h2>\n\n\n\n<p>Unsere St\u00e4rke resultiert aus der Schaffung von Synergieeffekten zwischen allen Kompetenzbereichen.&nbsp;<\/p>\n\n\n\n<p>Wir integrieren unsere Kernkompetenzen, Effizienz und Pr\u00e4zision in unsere t\u00e4glichen Abl\u00e4ufe und erf\u00fcllen sowie \u00fcbertreffen durch praxisnahe Erfahrung die Erwartungen unserer Kunden.<br>Metron (China) verpflichtet sich einem nachhaltigen Managementansatz. Durch Prozessoptimierung, Steigerung der Energieeffizienz, Gew\u00e4hrleistung von Arbeitssicherheit und Gesundheitsschutz sowie eine verantwortungsvolle Personalressourcenplanung sichern wir eine stabile und nachhaltige Unternehmensentwicklung.<\/p>\n\n\n\n<hr class=\"wp-block-separator has-alpha-channel-opacity is-style-wide\"\/>\n\n\n\n<h2 class=\"wp-block-heading\"><strong>Unsere Auszeichnungen und Zertifikate<\/strong><\/h2>\n\n\n<div class=\"wp-block-image is-style-rightside\">\n<figure class=\"alignright size-full is-resized\"><img loading=\"lazy\" decoding=\"async\" width=\"1087\" height=\"399\" src=\"https:\/\/www.metron-cn.com\/wp-content\/uploads\/2025\/05\/\u8bc1\u4e66.jpg\" alt=\"\" class=\"wp-image-5411\" style=\"aspect-ratio:1.6210526315789473;width:246px;height:auto\"\/><\/figure>\n<\/div>\n\n\n<p>Seit August 2020 hat Metron (China) mehrere anerkannte Zertifikate und Auszeichnungen erhalten:<\/p>\n\n\n\n<blockquote class=\"wp-block-quote is-layout-flow wp-block-quote-is-layout-flow\">\n<ul class=\"wp-block-list\">\n<li>Zertifikat f\u00fcr das Managementssystem der sozialen Verantwortung ,<\/li>\n\n\n\n<li>Zertifikat f\u00fcr das Managementssystem der beruflichen Gesundheit und des Arbeitsschutzes,<\/li>\n\n\n\n<li>Rating von der Einheit f\u00fcr bew\u00e4hrtes Betriebsverhalten auf Ebene AAA,<\/li>\n\n\n\n<li>Unternehmenskreditrating auf Ebene AAA,<\/li>\n\n\n\n<li>Rating der Unternehmenszuverl\u00e4ssigkeit auf Ebene AAA,<\/li>\n\n\n\n<li>Qualifikationszertifikat der ersten Stufe f\u00fcr die Instandsetzung und Montage im Ausstellungsbereich,<\/li>\n\n\n\n<li>Rating der Einheit f\u00fcr Qualit\u00e4t und Dienstleistung sowie bew\u00e4hrtes Verhalten auf Ebene AAA,<\/li>\n\n\n\n<li>Rating der Unternehmenszuverl\u00e4ssigkeit bei der Erbringung von Dienstleistungen auf Ebene AAA,<\/li>\n\n\n\n<li>Rating der Unternehmenszuverl\u00e4ssigkeit bei der Einhaltung von Vertr\u00e4gen auf Ebene AAA,<\/li>\n\n\n\n<li>Rating der Einheit f\u00fcr Qualit\u00e4t und bew\u00e4hrtes Verhalten auf Ebene AAA,<\/li>\n\n\n\n<li>Mitgliedschaftszertifikat der China Exhibition Economy Research Association.<\/li>\n<\/ul>\n\n\n\n<p>Diese Zertifikate stellen unabh\u00e4ngige Bewertungen Dritter hinsichtlich unserer bisherigen Bonit\u00e4t, Managementsysteme und Servicequalit\u00e4t dar. Sie spiegeln die gewachsene Reputation unseres Unternehmens in der Branche wider und unterstreichen unsere Position als vertrauensw\u00fcrdiger Gesch\u00e4ftspartner.<\/p>\n<\/blockquote>\n\n\n\n<div style=\"height:1px\" aria-hidden=\"true\" class=\"wp-block-spacer\"><\/div>\n\n\n\n<p><\/p>\n\n\n\n<div style=\"height:1px\" aria-hidden=\"true\" class=\"wp-block-spacer\"><\/div>\n\n\n\n<hr class=\"wp-block-separator has-alpha-channel-opacity is-style-wide\"\/>\n\n\n<div class='image-boxes-container'>\n\t\t\t<div class='image-box-container'>\n\t\t\t\t<a href='javascript:void(0)'>\n\t\t\t\t\t<img class='image-box' src='https:\/\/www.metron-cn.com\/wp-content\/uploads\/2021\/02\/praezision_neu-1-1.jpg' \/>\n\t\t\t\t\t<div class='valign-container'>\n\t\t\t\t\t\t<p><span>Lat. Praecisio bezeichnet das Abschneiden von allem \u00dcberfl\u00fcssigen. Was bleibt, ist das Genaue, Feine, Exakte.<\/span><br\/><br\/>Pr\u00e4zision ist unbedingte Voraussetzung f\u00fcr Qualit\u00e4t. Ohne Qualit\u00e4t w\u00e4re jede Leistung wertlos. Deshalb steht Qualit\u00e4tssicherung im Zentrum unseres Unternehmens.<br><br>\n\nPr\u00e4zision und Qualit\u00e4t bedingen sich auf mehreren Ebenen. Bereits in der Konstruktion legen wir viel Wert auf \u00c4sthetik. In der Fertigung setzen wir auf uneingeschr\u00e4nkte Funktionalit\u00e4t. Und im gesamten Prozess auf gr\u00f6\u00dftm\u00f6gliche Wirtschaftlichkeit.<\/p>\n\t\t\t\t\t<\/div>\n\t\t\t\t<\/a>\n\t\t\t<\/div>\n\t\t\t<div class='image-box-container'>\n\t\t\t\t<a href='javascript:void(0)'>\n\t\t\t\t\t<img class='image-box' src='https:\/\/www.metron-cn.com\/wp-content\/uploads\/2021\/02\/effizienz-1-1.jpg' \/>\n\t\t\t\t\t<div class='valign-container'>\n\t\t\t\t\t\t<p><span>Wer lediglich Effektivit\u00e4t anstrebt, kann seine Ziele erreichen, ohne jemals effizient zu sein.<\/span><br\/><br\/>Effizienz bedeutet, mit einem angemessenen Einsatz die angestrebten Ergebnisse zu erzielen. Effizienz zeigt sich darin, innerhalb kurzer Zeit eine hohe Wirksamkeit bei optimiertem Preis-Leistung-Verh\u00e4ltnis zu erreichen. \r\nEffizienz zeigt sich kurzfristig an nutzenmaximierten L\u00f6sungen mit einem optimalen Preis-Leistungs-Verh\u00e4ltnis. Neben \u00f6konomischen Kriterien legen wir Wert auf \u00f6kologisch zukunftsorientierte L\u00f6sungen, die soweit nur immer m\u00f6glich dem Nachhaltigkeitsprinzip folgen.<\/p>\n\t\t\t\t\t<\/div>\n\t\t\t\t<\/a>\n\t\t\t<\/div>\n\t\t\t<div class='image-box-container'>\n\t\t\t\t<a href='javascript:void(0)'>\n\t\t\t\t\t<img class='image-box' src='https:\/\/www.metron-cn.com\/wp-content\/uploads\/2021\/02\/beherrschung_neu-1-1.jpg' \/>\n\t\t\t\t\t<div class='valign-container'>\n\t\t\t\t\t\t<p><span>Pr\u00e4zision und Effizienz f\u00fchren zur Beherrschung der f\u00fcr das Auffinden der idealen Form notwendigen Prozesse.<\/span><br\/><br\/>Nur wer sein Handwerk beherrscht, kann aufbrechen zu neuen Ufern und nach L\u00f6sungen streben, die sich von herk\u00f6mmlichen durch ihre Substanz an Geist und Kreativit\u00e4t unterscheiden. Das Unm\u00f6gliche m\u00f6glich zu machen, f\u00fcr jede erdenkliche L\u00f6sung die ideale Form zu finden, erinnert in vieler Hinsicht an die Quadratur des Kreises. Und dennoch gelingt es mit Fantasie und freiem Geist: Man denke nur an das ber\u00fchmte Ei des Kolumbus.<\/p>\n\t\t\t\t\t<\/div>\n\t\t\t\t<\/a>\n\t\t\t<\/div><\/div>\n","protected":false},"excerpt":{"rendered":"<p>Unser Unternehmen Beijing &amp; Tangshan Metron Exhibition Facilities Co., Ltd wurde 2004 als Messebauunternehmen unter dem Namen Beijing Winkels gegr\u00fcndet. Zum 01.10.2018 gab es einen Wechsel der Haupteigent\u00fcmerschaft und wir sind nun Teil unserer deutschen Partner metron eging GmbH. Neben der Planung und dem Bau von integrierten, konventionellen und individuellen Messest\u00e4nden bieten wir auch Event- [&hellip;]<\/p>\n","protected":false},"author":1,"featured_media":1939,"parent":13,"menu_order":0,"comment_status":"closed","ping_status":"closed","template":"","meta":{"pgc_sgb_lightbox_settings":"","footnotes":""},"class_list":["post-46","page","type-page","status-publish","has-post-thumbnail","hentry"],"translation":{"provider":"WPGlobus","version":"3.0.2","language":"de","enabled_languages":["en","zh","de"],"languages":{"en":{"title":true,"content":true,"excerpt":false},"zh":{"title":true,"content":true,"excerpt":false},"de":{"title":true,"content":true,"excerpt":false}}},"_links":{"self":[{"href":"https:\/\/www.metron-cn.com\/de\/wp-json\/wp\/v2\/pages\/46","targetHints":{"allow":["GET"]}}],"collection":[{"href":"https:\/\/www.metron-cn.com\/de\/wp-json\/wp\/v2\/pages"}],"about":[{"href":"https:\/\/www.metron-cn.com\/de\/wp-json\/wp\/v2\/types\/page"}],"author":[{"embeddable":true,"href":"https:\/\/www.metron-cn.com\/de\/wp-json\/wp\/v2\/users\/1"}],"replies":[{"embeddable":true,"href":"https:\/\/www.metron-cn.com\/de\/wp-json\/wp\/v2\/comments?post=46"}],"version-history":[{"count":314,"href":"https:\/\/www.metron-cn.com\/de\/wp-json\/wp\/v2\/pages\/46\/revisions"}],"predecessor-version":[{"id":5816,"href":"https:\/\/www.metron-cn.com\/de\/wp-json\/wp\/v2\/pages\/46\/revisions\/5816"}],"up":[{"embeddable":true,"href":"https:\/\/www.metron-cn.com\/de\/wp-json\/wp\/v2\/pages\/13"}],"wp:featuredmedia":[{"embeddable":true,"href":"https:\/\/www.metron-cn.com\/de\/wp-json\/wp\/v2\/media\/1939"}],"wp:attachment":[{"href":"https:\/\/www.metron-cn.com\/de\/wp-json\/wp\/v2\/media?parent=46"}],"curies":[{"name":"wp","href":"https:\/\/api.w.org\/{rel}","templated":true}]}}